{"id":1062,"date":"2020-07-20T14:24:25","date_gmt":"2020-07-20T14:24:25","guid":{"rendered":"https:\/\/strataproducts.co.uk\/?page_id=1062"},"modified":"2020-07-20T14:25:22","modified_gmt":"2020-07-20T14:25:22","slug":"job-vacancies","status":"publish","type":"page","link":"https:\/\/strataproducts.co.uk\/fr\/job-vacancies\/","title":{"rendered":"Offres d'emploi"},"content":{"rendered":"<p>[et_pb_section fb_built=&#8221;1&#8243; _builder_version=&#8221;4.0.6&#8243;][et_pb_row _builder_version=&#8221;4.0.6&#8243; hover_enabled=&#8221;0&#8243;][et_pb_column type=&#8221;4_4&#8243; _builder_version=&#8221;4.0.6&#8243;][et_pb_text _builder_version=&#8221;4.0.6&#8243; header_font=&#8221;|700|||||||&#8221; header_2_text_align=&#8221;left&#8221; hover_enabled=&#8221;0&#8243;]<\/p>\n<h1>Offres d'emploi<\/h1>\n<p>Si vous souhaitez manifester votre int\u00e9r\u00eat pour travailler chez Strata, veuillez nous contacter par e-mail \u00e0 l'adresse suivante : <a href=\"mailto:jobs@strataproducts.co.uk\">jobs@strataproducts.co.uk<\/a><\/p>\n<p>[\/et_pb_text][\/et_pb_column][\/et_pb_row][\/et_pb_section]<\/p>","protected":false},"excerpt":{"rendered":"<p>Job Vacancies If you would like to register your interest in working for Strata please contact us via email: jobs@strataproducts.co.uk<\/p>","protected":false},"author":1,"featured_media":0,"parent":0,"menu_order":0,"comment_status":"closed","ping_status":"closed","template":"","meta":{"_et_pb_use_builder":"on","_et_pb_old_content":"<!-- wp:divi\/placeholder \/-->","_et_gb_content_width":"","inline_featured_image":false,"footnotes":""},"class_list":["post-1062","page","type-page","status-publish","hentry"],"_links":{"self":[{"href":"https:\/\/strataproducts.co.uk\/fr\/wp-json\/wp\/v2\/pages\/1062","targetHints":{"allow":["GET"]}}],"collection":[{"href":"https:\/\/strataproducts.co.uk\/fr\/wp-json\/wp\/v2\/pages"}],"about":[{"href":"https:\/\/strataproducts.co.uk\/fr\/wp-json\/wp\/v2\/types\/page"}],"author":[{"embeddable":true,"href":"https:\/\/strataproducts.co.uk\/fr\/wp-json\/wp\/v2\/users\/1"}],"replies":[{"embeddable":true,"href":"https:\/\/strataproducts.co.uk\/fr\/wp-json\/wp\/v2\/comments?post=1062"}],"version-history":[{"count":2,"href":"https:\/\/strataproducts.co.uk\/fr\/wp-json\/wp\/v2\/pages\/1062\/revisions"}],"predecessor-version":[{"id":1065,"href":"https:\/\/strataproducts.co.uk\/fr\/wp-json\/wp\/v2\/pages\/1062\/revisions\/1065"}],"wp:attachment":[{"href":"https:\/\/strataproducts.co.uk\/fr\/wp-json\/wp\/v2\/media?parent=1062"}],"curies":[{"name":"wp","href":"https:\/\/api.w.org\/{rel}","templated":true}]}}