{"id":865,"date":"2019-12-18T22:09:13","date_gmt":"2019-12-18T22:09:13","guid":{"rendered":"https:\/\/strataproducts.co.uk\/?page_id=865"},"modified":"2019-12-18T22:10:51","modified_gmt":"2019-12-18T22:10:51","slug":"cookies-policy","status":"publish","type":"page","link":"https:\/\/strataproducts.co.uk\/fr\/cookies-policy\/","title":{"rendered":"Politique relative aux cookies"},"content":{"rendered":"<p>[et_pb_section fb_built=&#8221;1&#8243; _builder_version=&#8221;4.0.6&#8243;][et_pb_row _builder_version=&#8221;4.0.6&#8243;][et_pb_column type=&#8221;4_4&#8243; _builder_version=&#8221;4.0.6&#8243;][et_pb_text _builder_version=&#8221;4.0.6&#8243; header_font=&#8221;|700|||||||&#8221; header_2_text_align=&#8221;left&#8221; hover_enabled=&#8221;0&#8243;]<\/p>\n<h1>Politique relative aux cookies<\/h1>\n<p>&nbsp;<\/p>\n<h3>Informations sur notre utilisation des cookies :<\/h3>\n<p>Notre site web utilise des cookies pour vous distinguer des autres utilisateurs. Cela nous aide \u00e0 vous offrir une meilleure exp\u00e9rience de navigation et nous permet \u00e9galement d\u2019am\u00e9liorer notre site. En continuant \u00e0 naviguer sur le site, vous acceptez notre utilisation des cookies.<\/p>\n<p>Un cookie est un petit fichier compos\u00e9 de lettres et de chiffres que nous stockons sur votre navigateur ou sur le disque dur de votre ordinateur, si vous acceptez. Les cookies contiennent des informations transf\u00e9r\u00e9es sur le disque dur de votre ordinateur.<\/p>\n<h3>Nous utilisons les types de cookies suivants :<\/h3>\n<ul>\n<li>Cookies strictement n\u00e9cessaires : Ces cookies sont indispensables au fonctionnement de notre site web. Ils incluent, par exemple, les cookies qui vous permettent de vous connecter \u00e0 des zones s\u00e9curis\u00e9es de notre site.<\/li>\n<li>Cookies d\u2019analyse\/de performance : Ils nous permettent de reconna\u00eetre et de compter le nombre de visiteurs, ainsi que de voir comment les visiteurs naviguent sur notre site lorsqu\u2019ils l\u2019utilisent. Cela nous aide \u00e0 am\u00e9liorer le fonctionnement de notre site, par exemple en nous assurant que les utilisateurs trouvent facilement ce qu\u2019ils recherchent.<\/li>\n<li>Cookies de fonctionnalit\u00e9 : Ces cookies sont utilis\u00e9s pour vous reconna\u00eetre lorsque vous revenez sur notre site web. Cela nous permet de personnaliser notre contenu pour vous, de vous saluer par votre nom et de m\u00e9moriser vos pr\u00e9f\u00e9rences (par exemple, votre choix de langue ou de r\u00e9gion).<\/li>\n<li>Cookies de ciblage : Ces cookies enregistrent votre visite sur notre site web, les pages que vous avez consult\u00e9es et les liens que vous avez suivis. Nous utilisons ces informations pour rendre notre site web et les publicit\u00e9s qui y sont affich\u00e9es plus pertinents par rapport \u00e0 vos centres d\u2019int\u00e9r\u00eat. Nous pouvons \u00e9galement partager ces informations avec des tiers \u00e0 cette fin.<\/li>\n<\/ul>\n<p>Vous pouvez bloquer les cookies en activant le param\u00e8tre de votre navigateur qui vous permet de refuser tout ou partie des cookies. Toutefois, si vous configurez votre navigateur pour bloquer tous les cookies (y compris les cookies essentiels), il se peut que vous ne puissiez pas acc\u00e9der \u00e0 tout ou partie de notre site.<\/p>\n<h3>Que sont les cookies ?<\/h3>\n<p><strong>Un cookie est un petit fichier, souvent compos\u00e9 d\u2019un identifiant unique, qui est envoy\u00e9 au navigateur de votre appareil par un serveur web et stock\u00e9 sur le disque dur de votre appareil.<\/strong><\/p>\n<p>Les cookies sont largement utilis\u00e9s pour faire fonctionner les sites web, ou pour les faire fonctionner plus efficacement, ainsi que pour fournir des informations aux propri\u00e9taires du site.\nChaque site web peut envoyer ses propres cookies \u00e0 votre navigateur si les pr\u00e9f\u00e9rences de celui-ci le permettent, mais (pour prot\u00e9ger votre vie priv\u00e9e) votre navigateur n\u2019autorise un site web \u00e0 acc\u00e9der qu\u2019aux cookies qu\u2019il vous a d\u00e9j\u00e0 envoy\u00e9s, et non \u00e0 ceux envoy\u00e9s par d\u2019autres sites. De nombreux sites web utilisent cette m\u00e9thode pour suivre le trafic en ligne.<\/p>\n<p><strong>Comment contr\u00f4ler et supprimer les cookies<\/strong><\/p>\n<p>Strata Products Limited n\u2019utilisera pas les cookies pour collecter des informations permettant de vous identifier personnellement. Toutefois, si vous souhaitez restreindre ou bloquer les cookies, vous pouvez le faire via les param\u00e8tres de votre navigateur. Ces informations sont g\u00e9n\u00e9ralement disponibles dans le menu d\u2019aide de votre navigateur.\nPour plus d\u2019informations sur la suppression des cookies et d\u2019autres sujets li\u00e9s aux cookies, veuillez consulter le site :\u00a0<a href=\"https:\/\/web.archive.org\/web\/20190417144620\/http:\/www.aboutcookies.org\/\">www.aboutcookies.org<\/a>.<\/p>\n<p>Veuillez noter que la restriction des cookies peut affecter la fonctionnalit\u00e9 de ce site web.<\/p>\n<h3><strong>Google Analytics<\/strong><\/h3>\n<p>Strata Products Limited uses\u00a0<a href=\"https:\/\/web.archive.org\/web\/20190417144620\/http:\/www.google.com\/analytics\/\">Google Analytics<\/a>Strata Products Limited utilise Google Analytics, un service gratuit d\u2019analyse web fourni par Google, pour nous aider \u00e0 comprendre comment les visiteurs interagissent avec notre site web.\nGoogle Analytics collecte des informations de mani\u00e8re anonyme et fournit des rapports sur les tendances du site sans identifier les visiteurs individuellement. Il utilise ses propres cookies pour suivre les interactions des visiteurs. Ces cookies permettent de recueillir des informations sur la mani\u00e8re dont les visiteurs utilisent notre site. Ces donn\u00e9es sont utilis\u00e9es sous forme agr\u00e9g\u00e9e pour compiler des rapports (par exemple, pour montrer les tendances g\u00e9n\u00e9rales d\u2019utilisation du site) et nous aider \u00e0 l\u2019am\u00e9liorer.<\/p>\n<p>Les informations anonymes collect\u00e9es par ces cookies incluent le nombre de visiteurs, leur provenance, et les pages consult\u00e9es.\nPour d\u00e9sactiver ce type de cookie, certains navigateurs vous avertissent lorsqu\u2019un cookie est envoy\u00e9 et vous permettent de refuser les cookies au cas par cas.<\/p>\n<p>En plus de refuser les cookies, vous pouvez \u00e9galement installer le module compl\u00e9mentaire de navigateur Google Analytics Opt-out, qui emp\u00eache Google Analytics de collecter des informations sur vos visites de sites web.<\/p>\n<p>Pour savoir comment refuser ou supprimer ce cookie :\u00a0<a href=\"https:\/\/web.archive.org\/web\/20190417144620\/http:\/www.google.com\/intl\/en\/policies\/technologies\/ads\/\">http:\/\/www.google.com\/intl\/en\/policies\/privacy\/ads\/#toc-analytics<\/a><\/p>\n<p>&nbsp;<\/p>\n<p>[\/et_pb_text][\/et_pb_column][\/et_pb_row][\/et_pb_section]<\/p>","protected":false},"excerpt":{"rendered":"<p>Cookies Policy &nbsp; Information about our use of cookies: Our website uses cookies to distinguish you from other users of our website. This helps us to provide you with a good experience when you browse our website and also allows us to improve our site. By continuing to browse the site, you are agreeing to [&hellip;]<\/p>","protected":false},"author":1,"featured_media":0,"parent":0,"menu_order":0,"comment_status":"closed","ping_status":"closed","template":"","meta":{"_et_pb_use_builder":"on","_et_pb_old_content":"<!-- wp:divi\/placeholder \/-->","_et_gb_content_width":"","inline_featured_image":false,"footnotes":""},"class_list":["post-865","page","type-page","status-publish","hentry"],"_links":{"self":[{"href":"https:\/\/strataproducts.co.uk\/fr\/wp-json\/wp\/v2\/pages\/865","targetHints":{"allow":["GET"]}}],"collection":[{"href":"https:\/\/strataproducts.co.uk\/fr\/wp-json\/wp\/v2\/pages"}],"about":[{"href":"https:\/\/strataproducts.co.uk\/fr\/wp-json\/wp\/v2\/types\/page"}],"author":[{"embeddable":true,"href":"https:\/\/strataproducts.co.uk\/fr\/wp-json\/wp\/v2\/users\/1"}],"replies":[{"embeddable":true,"href":"https:\/\/strataproducts.co.uk\/fr\/wp-json\/wp\/v2\/comments?post=865"}],"version-history":[{"count":2,"href":"https:\/\/strataproducts.co.uk\/fr\/wp-json\/wp\/v2\/pages\/865\/revisions"}],"predecessor-version":[{"id":868,"href":"https:\/\/strataproducts.co.uk\/fr\/wp-json\/wp\/v2\/pages\/865\/revisions\/868"}],"wp:attachment":[{"href":"https:\/\/strataproducts.co.uk\/fr\/wp-json\/wp\/v2\/media?parent=865"}],"curies":[{"name":"wp","href":"https:\/\/api.w.org\/{rel}","templated":true}]}}